{"id":13248,"date":"2024-09-04T10:14:16","date_gmt":"2024-09-04T08:14:16","guid":{"rendered":"https:\/\/www.fondazionemorra.org\/?page_id=13248"},"modified":"2024-09-04T10:17:36","modified_gmt":"2024-09-04T08:17:36","slug":"pnrr-nextgenerationeu","status":"publish","type":"page","link":"https:\/\/www.fondazionemorra.org\/it\/pnrr-nextgenerationeu\/","title":{"rendered":"PNRR NextGenerationEU"},"content":{"rendered":"<p>Progetto di Restauro e Risanamento del Palazzo Cassano Ayerbo d\u2019Aragona con adattamento funzionale a museo e sede della Fondazione Morra, specificatamente PNRR &#8211; Missione 1 &#8211; Digitalizzazione, innovazione, competitivit\u00e0 e cultura Componente 3 &#8211; Cultura 4.0 (M1C3-3) Misura 1 &#8211; Patrimonio culturale per la prossima generazione Investimento 1.2 &#8211; Rimozione delle barriere fisiche e cognitive in musei, biblioteche e archivi per consentire un pi\u00f9 ampio accesso e partecipazione alla cultura finanziato dall\u2019Unione europea \u2013 NextGenerationEU MACROAREA SUD Musei e luoghi della cultura privati, CUP B68G22000020005, CIG B18DC0FB2F (RUP Arch. Domenico Persico)*.<br \/>\nDal novembre 2022, la Fondazione Morra sta procedendo alla realizzazione di un impianto ascensore nella corte centrale del complesso museale di Casa Morra. Archivi d\u2019Arte Contemporanea, capace di collegare tutti i sei livelli del museo.<br \/>\nL\u2019intervento di adeguamento, finanziato dall\u2019Unione Europea \u2013 NextGenerationEU per un totale di \u20ac 200.000,00, intende rendere completamente accessibile ogni ambiente della struttura, permettendo un passaggio sicuro alla percorrenza dei luoghi museali ricchi di episodi artistico-monumentali.<\/p>\n<p><img decoding=\"async\" class=\"size-full wp-image-13267 aligncenter\" src=\"https:\/\/www.fondazionemorra.org\/wp-content\/uploads\/2024\/09\/Sezione_trasversale_progetto.jpg\" alt=\"\" width=\"1024\" srcset=\"https:\/\/www.fondazionemorra.org\/wp-content\/uploads\/2024\/09\/Sezione_trasversale_progetto.jpg 1200w, https:\/\/www.fondazionemorra.org\/wp-content\/uploads\/2024\/09\/Sezione_trasversale_progetto-300x152.jpg 300w, https:\/\/www.fondazionemorra.org\/wp-content\/uploads\/2024\/09\/Sezione_trasversale_progetto-1024x518.jpg 1024w, https:\/\/www.fondazionemorra.org\/wp-content\/uploads\/2024\/09\/Sezione_trasversale_progetto-768x388.jpg 768w\" sizes=\"(max-width: 1200px) 100vw, 1200px\" \/><\/p>\n<p>L\u2019opera, cos\u00ec come richiesto dalla Soprintendenza, sar\u00e0 segnata da valenza artistica. In tal senso, la qualit\u00e0 dell\u2019intervento in fase di realizzazione \u00e8 rivolta alla perfetta simbiosi e aderenza agli ambienti storici presenti, senza alcun stravolgimento qualitativo e di percezione degli stessi.<br \/>\nPer il raggiungimento di tale obiettivo e in aderenza al progetto architettonico redatto dall\u2019arch. Luciano Raffin, la Fondazione Morra ha individuato in Maurizio Elettrico l\u2019artista pi\u00f9 peculiare per il completamento artistico del corpo ascensore. La pratica artistica di Maurizio Elettrico si contraddistingue per la variet\u00e0 dei materiali che utilizza e per il lessico che applica, spaziando tra disegno, scultura e installazioni polimateriche che vedono materiali organici mescolarsi a materiali artificiali, video, performance e ad un\u2019intensa attivit\u00e0 di scrittura.<br \/>\nL\u2019opera site specific in corso di realizzazione per il vano ascensore dal titolo La luce delle tenebre richiama una creatura vegetale, l\u2019albero del wak wak, descritto da viaggiatori medievali, in cui il particolare metabolismo sembra conferire ai suoi frutti la forma di teste animali e umane: una sorta di inverosimile anello di congiunzione tra flora e fauna. Nella saga de \u201cLo scoiattolo e il graal\u201d, opera letteraria scritta e illustrata da Maurizio Elettrico, l\u2019albero del wak wak \u00e8 il vivente totem dell\u2019oscura setta canjal, composta da immortali con caratteri ferini, dediti a culti cruenti a spese di vittime umane e subumane. L\u2019imponente pianta, alte centinaia di metri, \u00e8 collocata originariamente in una grotta costruita in profondit\u00e0 nella crosta terrestre dai canjal stessi e arredata con uno splendido giardino. I frutti del Wak Wak prendono la forma delle teste delle vittime<\/p>\n<p>sacrificali, riempendosi di una intensa luce dorata e argentata, fino a quando lo spirito del martire, le cui fattezze facciali sono riprodotte sul frutto stesso, non diventer\u00e0 una potentissima entit\u00e0 divina, un Santan canjal.<br \/>\nIn questo contesto interpretativo la mitologia arborea viene evocata come immagine della natura stessa nella sua ciclicit\u00e0 triadica di vita, morte e rinascita. La forma ascendente diventa qui anche segno di una metamorfosi evolutiva che passa dalla materia allo spirito, dalla natura all\u2019arte.<br \/>\nIl carattere architettonico e monumentale di questo intervento \u00e8 costruito dall\u2019associazione del cristallo con del metallo laccato in colore chiaro. Le sagome metalliche dell\u2019albero e dei personaggi, le cui iconografie saranno evocate con un complesso tratto grafico, si combineranno con la trasparenza del cristallo lavorato con incisione e colore.<\/p>\n<p style=\"text-align: center;\"><img decoding=\"async\" class=\"size-full wp-image-13269 alignnone\" src=\"https:\/\/www.fondazionemorra.org\/wp-content\/uploads\/2024\/09\/Visita_Computerizzata_Progetto.jpg\" alt=\"\" width=\"1024\" srcset=\"https:\/\/www.fondazionemorra.org\/wp-content\/uploads\/2024\/09\/Visita_Computerizzata_Progetto.jpg 1200w, https:\/\/www.fondazionemorra.org\/wp-content\/uploads\/2024\/09\/Visita_Computerizzata_Progetto-300x170.jpg 300w, https:\/\/www.fondazionemorra.org\/wp-content\/uploads\/2024\/09\/Visita_Computerizzata_Progetto-1024x579.jpg 1024w, https:\/\/www.fondazionemorra.org\/wp-content\/uploads\/2024\/09\/Visita_Computerizzata_Progetto-768x434.jpg 768w\" sizes=\"(max-width: 1200px) 100vw, 1200px\" \/><br \/>\nVista tridimensionale computerizzata dell\u2019intervento<\/p>\n<p>All\u2019agosto 2024 risultano complete tutte le opere strutturali murarie per la formazione del vano corsa ascensore (fossa, aperture vani di accesso e di collegamento). \u00c8 stato eseguito l\u2019intero montaggio del castelletto metallico dell\u2019impianto ascensore ed \u00e8 in corso l\u2019istallazione della componentistica. Sono, infine, in corso le opere di finitura degli ambienti annessi all\u2019impianto ascensore con le opere di intonacatura, tinteggiatura e messa in opera di pavimenti e di nuovi infissi esterni. La consegna dell\u2019impianto collaudato \u00e8 prevista per novembre 2024.<br \/>\nL\u2019adozione dell\u2019intervento di installazione di un ascensore con messa in opera di soluzioni e materiali ecocompatibili e di basso impatto ha l\u2019obiettivo di incrementare l\u2019attuale capacit\u00e0 ricettiva e di fruizione del sito museale, contribuendo ad una rinnovata visione del comparto culturale.<\/p>\n<p><img decoding=\"async\" class=\"size-full wp-image-13271 alignnone\" src=\"https:\/\/www.fondazionemorra.org\/wp-content\/uploads\/2024\/09\/loghi-pnrr.jpg\" alt=\"\" width=\"1024\" srcset=\"https:\/\/www.fondazionemorra.org\/wp-content\/uploads\/2024\/09\/loghi-pnrr.jpg 1200w, https:\/\/www.fondazionemorra.org\/wp-content\/uploads\/2024\/09\/loghi-pnrr-300x50.jpg 300w, https:\/\/www.fondazionemorra.org\/wp-content\/uploads\/2024\/09\/loghi-pnrr-1024x171.jpg 1024w, https:\/\/www.fondazionemorra.org\/wp-content\/uploads\/2024\/09\/loghi-pnrr-768x128.jpg 768w\" sizes=\"(max-width: 1200px) 100vw, 1200px\" \/><\/p>\n<p>*Intervento finanziato tramite Avviso pubblico per la presentazione di Proposte di intervento per la rigenerazione culturale e sociale dei piccoli borghi storici, da finanziare nell\u2019ambito del PNRR, Missione 1 &#8220;Digitalizzazione, innovazione, competitivit\u00e0 e cultura&#8221;, Componente 3 &#8211; Cultura 4.0 (M1C3-3) Misura 1 &#8211; Patrimonio culturale per la prossima generazione Investimento 1.2 &#8211; Rimozione delle barriere fisiche e cognitive in musei, biblioteche e archivi per consentire un pi\u00f9 ampio accesso e partecipazione alla cultura, finanziato dall\u2019Unione europea &#8211; NextGenerationEU e gestito dal Ministero della Cultura.<br \/>\nUlteriori informazioni disponibili su: www.cultura.gov.it; www.pnrr.cultura.gov.it.<\/p>\n","protected":false},"excerpt":{"rendered":"<p>Progetto di Restauro e Risanamento del Palazzo Cassano Ayerbo d\u2019Aragona con adattamento funzionale a museo e sede della Fondazione Morra, specificatamente PNRR &#8211; Missione 1 &#8211; Digitalizzazione, innovazione, competitivit\u00e0 e<a class=\"excerpt-read-more\" href=\"https:\/\/www.fondazionemorra.org\/it\/pnrr-nextgenerationeu\/\" title=\"ReadPNRR NextGenerationEU\">&#8230; Read more &raquo;<\/a><\/p>\n","protected":false},"author":1,"featured_media":0,"parent":0,"menu_order":0,"comment_status":"closed","ping_status":"closed","template":"","meta":{"_acf_changed":false,"footnotes":""},"class_list":["post-13248","page","type-page","status-publish","hentry"],"acf":[],"yoast_head":"<!-- This site is optimized with the Yoast SEO plugin v27.3 - https:\/\/yoast.com\/product\/yoast-seo-wordpress\/ -->\n<title>PNRR NextGenerationEU - Fondazione Morra<\/title>\n<meta name=\"robots\" content=\"index, follow, max-snippet:-1, max-image-preview:large, max-video-preview:-1\" \/>\n<link rel=\"canonical\" href=\"https:\/\/www.fondazionemorra.org\/it\/pnrr-nextgenerationeu\/\" \/>\n<meta property=\"og:locale\" content=\"it_IT\" \/>\n<meta property=\"og:type\" content=\"article\" \/>\n<meta property=\"og:title\" content=\"PNRR NextGenerationEU - Fondazione Morra\" \/>\n<meta property=\"og:description\" content=\"Progetto di Restauro e Risanamento del Palazzo Cassano Ayerbo d\u2019Aragona con adattamento funzionale a museo e sede della Fondazione Morra, specificatamente PNRR &#8211; Missione 1 &#8211; Digitalizzazione, innovazione, competitivit\u00e0 e... Read more &raquo;\" \/>\n<meta property=\"og:url\" content=\"https:\/\/www.fondazionemorra.org\/it\/pnrr-nextgenerationeu\/\" \/>\n<meta property=\"og:site_name\" content=\"Fondazione Morra\" \/>\n<meta property=\"article:modified_time\" content=\"2024-09-04T08:17:36+00:00\" \/>\n<meta property=\"og:image\" content=\"https:\/\/www.fondazionemorra.org\/wp-content\/uploads\/2024\/09\/Sezione_trasversale_progetto.jpg\" \/>\n<meta name=\"twitter:card\" content=\"summary_large_image\" \/>\n<meta name=\"twitter:label1\" content=\"Tempo di lettura stimato\" \/>\n\t<meta name=\"twitter:data1\" content=\"4 minuti\" \/>\n<script type=\"application\/ld+json\" class=\"yoast-schema-graph\">{\"@context\":\"https:\\\/\\\/schema.org\",\"@graph\":[{\"@type\":\"WebPage\",\"@id\":\"https:\\\/\\\/www.fondazionemorra.org\\\/it\\\/pnrr-nextgenerationeu\\\/\",\"url\":\"https:\\\/\\\/www.fondazionemorra.org\\\/it\\\/pnrr-nextgenerationeu\\\/\",\"name\":\"PNRR NextGenerationEU - Fondazione Morra\",\"isPartOf\":{\"@id\":\"https:\\\/\\\/www.fondazionemorra.org\\\/it\\\/#website\"},\"primaryImageOfPage\":{\"@id\":\"https:\\\/\\\/www.fondazionemorra.org\\\/it\\\/pnrr-nextgenerationeu\\\/#primaryimage\"},\"image\":{\"@id\":\"https:\\\/\\\/www.fondazionemorra.org\\\/it\\\/pnrr-nextgenerationeu\\\/#primaryimage\"},\"thumbnailUrl\":\"https:\\\/\\\/www.fondazionemorra.org\\\/wp-content\\\/uploads\\\/2024\\\/09\\\/Sezione_trasversale_progetto.jpg\",\"datePublished\":\"2024-09-04T08:14:16+00:00\",\"dateModified\":\"2024-09-04T08:17:36+00:00\",\"breadcrumb\":{\"@id\":\"https:\\\/\\\/www.fondazionemorra.org\\\/it\\\/pnrr-nextgenerationeu\\\/#breadcrumb\"},\"inLanguage\":\"it-IT\",\"potentialAction\":[{\"@type\":\"ReadAction\",\"target\":[\"https:\\\/\\\/www.fondazionemorra.org\\\/it\\\/pnrr-nextgenerationeu\\\/\"]}]},{\"@type\":\"ImageObject\",\"inLanguage\":\"it-IT\",\"@id\":\"https:\\\/\\\/www.fondazionemorra.org\\\/it\\\/pnrr-nextgenerationeu\\\/#primaryimage\",\"url\":\"https:\\\/\\\/www.fondazionemorra.org\\\/wp-content\\\/uploads\\\/2024\\\/09\\\/Sezione_trasversale_progetto.jpg\",\"contentUrl\":\"https:\\\/\\\/www.fondazionemorra.org\\\/wp-content\\\/uploads\\\/2024\\\/09\\\/Sezione_trasversale_progetto.jpg\"},{\"@type\":\"BreadcrumbList\",\"@id\":\"https:\\\/\\\/www.fondazionemorra.org\\\/it\\\/pnrr-nextgenerationeu\\\/#breadcrumb\",\"itemListElement\":[{\"@type\":\"ListItem\",\"position\":1,\"name\":\"Home\",\"item\":\"https:\\\/\\\/www.fondazionemorra.org\\\/it\\\/\"},{\"@type\":\"ListItem\",\"position\":2,\"name\":\"PNRR NextGenerationEU\"}]},{\"@type\":\"WebSite\",\"@id\":\"https:\\\/\\\/www.fondazionemorra.org\\\/it\\\/#website\",\"url\":\"https:\\\/\\\/www.fondazionemorra.org\\\/it\\\/\",\"name\":\"Fondazione Morra\",\"description\":\"\",\"publisher\":{\"@id\":\"https:\\\/\\\/www.fondazionemorra.org\\\/it\\\/#organization\"},\"potentialAction\":[{\"@type\":\"SearchAction\",\"target\":{\"@type\":\"EntryPoint\",\"urlTemplate\":\"https:\\\/\\\/www.fondazionemorra.org\\\/it\\\/?s={search_term_string}\"},\"query-input\":{\"@type\":\"PropertyValueSpecification\",\"valueRequired\":true,\"valueName\":\"search_term_string\"}}],\"inLanguage\":\"it-IT\"},{\"@type\":\"Organization\",\"@id\":\"https:\\\/\\\/www.fondazionemorra.org\\\/it\\\/#organization\",\"name\":\"Fondazione Morra\",\"url\":\"https:\\\/\\\/www.fondazionemorra.org\\\/it\\\/\",\"logo\":{\"@type\":\"ImageObject\",\"inLanguage\":\"it-IT\",\"@id\":\"https:\\\/\\\/www.fondazionemorra.org\\\/it\\\/#\\\/schema\\\/logo\\\/image\\\/\",\"url\":\"https:\\\/\\\/www.fondazionemorra.org\\\/wp-content\\\/uploads\\\/2021\\\/02\\\/logo.png\",\"contentUrl\":\"https:\\\/\\\/www.fondazionemorra.org\\\/wp-content\\\/uploads\\\/2021\\\/02\\\/logo.png\",\"width\":106,\"height\":114,\"caption\":\"Fondazione Morra\"},\"image\":{\"@id\":\"https:\\\/\\\/www.fondazionemorra.org\\\/it\\\/#\\\/schema\\\/logo\\\/image\\\/\"}}]}<\/script>\n<!-- \/ Yoast SEO plugin. -->","yoast_head_json":{"title":"PNRR NextGenerationEU - Fondazione Morra","robots":{"index":"index","follow":"follow","max-snippet":"max-snippet:-1","max-image-preview":"max-image-preview:large","max-video-preview":"max-video-preview:-1"},"canonical":"https:\/\/www.fondazionemorra.org\/it\/pnrr-nextgenerationeu\/","og_locale":"it_IT","og_type":"article","og_title":"PNRR NextGenerationEU - Fondazione Morra","og_description":"Progetto di Restauro e Risanamento del Palazzo Cassano Ayerbo d\u2019Aragona con adattamento funzionale a museo e sede della Fondazione Morra, specificatamente PNRR &#8211; Missione 1 &#8211; Digitalizzazione, innovazione, competitivit\u00e0 e... Read more &raquo;","og_url":"https:\/\/www.fondazionemorra.org\/it\/pnrr-nextgenerationeu\/","og_site_name":"Fondazione Morra","article_modified_time":"2024-09-04T08:17:36+00:00","og_image":[{"url":"https:\/\/www.fondazionemorra.org\/wp-content\/uploads\/2024\/09\/Sezione_trasversale_progetto.jpg","type":"","width":"","height":""}],"twitter_card":"summary_large_image","twitter_misc":{"Tempo di lettura stimato":"4 minuti"},"schema":{"@context":"https:\/\/schema.org","@graph":[{"@type":"WebPage","@id":"https:\/\/www.fondazionemorra.org\/it\/pnrr-nextgenerationeu\/","url":"https:\/\/www.fondazionemorra.org\/it\/pnrr-nextgenerationeu\/","name":"PNRR NextGenerationEU - Fondazione Morra","isPartOf":{"@id":"https:\/\/www.fondazionemorra.org\/it\/#website"},"primaryImageOfPage":{"@id":"https:\/\/www.fondazionemorra.org\/it\/pnrr-nextgenerationeu\/#primaryimage"},"image":{"@id":"https:\/\/www.fondazionemorra.org\/it\/pnrr-nextgenerationeu\/#primaryimage"},"thumbnailUrl":"https:\/\/www.fondazionemorra.org\/wp-content\/uploads\/2024\/09\/Sezione_trasversale_progetto.jpg","datePublished":"2024-09-04T08:14:16+00:00","dateModified":"2024-09-04T08:17:36+00:00","breadcrumb":{"@id":"https:\/\/www.fondazionemorra.org\/it\/pnrr-nextgenerationeu\/#breadcrumb"},"inLanguage":"it-IT","potentialAction":[{"@type":"ReadAction","target":["https:\/\/www.fondazionemorra.org\/it\/pnrr-nextgenerationeu\/"]}]},{"@type":"ImageObject","inLanguage":"it-IT","@id":"https:\/\/www.fondazionemorra.org\/it\/pnrr-nextgenerationeu\/#primaryimage","url":"https:\/\/www.fondazionemorra.org\/wp-content\/uploads\/2024\/09\/Sezione_trasversale_progetto.jpg","contentUrl":"https:\/\/www.fondazionemorra.org\/wp-content\/uploads\/2024\/09\/Sezione_trasversale_progetto.jpg"},{"@type":"BreadcrumbList","@id":"https:\/\/www.fondazionemorra.org\/it\/pnrr-nextgenerationeu\/#breadcrumb","itemListElement":[{"@type":"ListItem","position":1,"name":"Home","item":"https:\/\/www.fondazionemorra.org\/it\/"},{"@type":"ListItem","position":2,"name":"PNRR NextGenerationEU"}]},{"@type":"WebSite","@id":"https:\/\/www.fondazionemorra.org\/it\/#website","url":"https:\/\/www.fondazionemorra.org\/it\/","name":"Fondazione Morra","description":"","publisher":{"@id":"https:\/\/www.fondazionemorra.org\/it\/#organization"},"potentialAction":[{"@type":"SearchAction","target":{"@type":"EntryPoint","urlTemplate":"https:\/\/www.fondazionemorra.org\/it\/?s={search_term_string}"},"query-input":{"@type":"PropertyValueSpecification","valueRequired":true,"valueName":"search_term_string"}}],"inLanguage":"it-IT"},{"@type":"Organization","@id":"https:\/\/www.fondazionemorra.org\/it\/#organization","name":"Fondazione Morra","url":"https:\/\/www.fondazionemorra.org\/it\/","logo":{"@type":"ImageObject","inLanguage":"it-IT","@id":"https:\/\/www.fondazionemorra.org\/it\/#\/schema\/logo\/image\/","url":"https:\/\/www.fondazionemorra.org\/wp-content\/uploads\/2021\/02\/logo.png","contentUrl":"https:\/\/www.fondazionemorra.org\/wp-content\/uploads\/2021\/02\/logo.png","width":106,"height":114,"caption":"Fondazione Morra"},"image":{"@id":"https:\/\/www.fondazionemorra.org\/it\/#\/schema\/logo\/image\/"}}]}},"_links":{"self":[{"href":"https:\/\/www.fondazionemorra.org\/it\/wp-json\/wp\/v2\/pages\/13248","targetHints":{"allow":["GET"]}}],"collection":[{"href":"https:\/\/www.fondazionemorra.org\/it\/wp-json\/wp\/v2\/pages"}],"about":[{"href":"https:\/\/www.fondazionemorra.org\/it\/wp-json\/wp\/v2\/types\/page"}],"author":[{"embeddable":true,"href":"https:\/\/www.fondazionemorra.org\/it\/wp-json\/wp\/v2\/users\/1"}],"replies":[{"embeddable":true,"href":"https:\/\/www.fondazionemorra.org\/it\/wp-json\/wp\/v2\/comments?post=13248"}],"version-history":[{"count":5,"href":"https:\/\/www.fondazionemorra.org\/it\/wp-json\/wp\/v2\/pages\/13248\/revisions"}],"predecessor-version":[{"id":13276,"href":"https:\/\/www.fondazionemorra.org\/it\/wp-json\/wp\/v2\/pages\/13248\/revisions\/13276"}],"wp:attachment":[{"href":"https:\/\/www.fondazionemorra.org\/it\/wp-json\/wp\/v2\/media?parent=13248"}],"curies":[{"name":"wp","href":"https:\/\/api.w.org\/{rel}","templated":true}]}}