{"id":4879,"date":"2021-02-18T15:27:30","date_gmt":"2021-02-18T14:27:30","guid":{"rendered":"http:\/\/www.fondazionemorra.org\/?page_id=4879"},"modified":"2021-02-18T15:34:07","modified_gmt":"2021-02-18T14:34:07","slug":"il-quartiere-dellarte","status":"publish","type":"page","link":"https:\/\/www.fondazionemorra.org\/it\/il-quartiere-dellarte\/","title":{"rendered":"Il Quartiere dell\u2019Arte"},"content":{"rendered":"<p>&nbsp;<\/p>\n<p>Il Quartiere dell\u2019Arte nasce con l\u2019intento di creare nel tempo una rete di identit\u00e0 culturali e creative operanti all\u2019interno del quartiere Avvocata della citt\u00e0 di Napoli, per rigenerare e riqualificare l\u2019area urbana attraverso le pratiche dell\u2019arte e della cultura. Con l\u2019apertura del <strong>Museo Nitsch<\/strong> nel 2008, la Fondazione Morra pone le basi per l\u2019attivazione di quel processo di rinnovamento che l\u2019arte \u00e8 in grado di sviluppare, entrando in contatto con gli abitanti e le diverse realt\u00e0 culturali e amministrative che operano nel territorio.<\/p>\n<p>Un Quartiere dell\u2019Arte nel centro storico della citt\u00e0 di Napoli deve intendersi come un progetto-processo basato su una strategia integrata di valorizzazione e reinterpretazione del binomio identit\u00e0 creativa\/vocazione territoriale. Nella fase attuale il progetto viene riconfigurandosi per mezzo di nuove storie di rigenerazione urbana \u2013 come nel caso di <strong>Casa Morra<\/strong>, progetto di attivazione, disseminazione e tutela attiva di una delle pi\u00f9 grandi collezioni di arte contemporanea cittadina che funge, gi\u00e0 da ottobre 2015, da importante vettore culturale e che trova sistemazione presso il Palazzo Cassano Ayerbo D\u2019Aragona a Materdei.<\/p>\n<p>Il Tema del Quartiere dell\u2019Arte vedeva la luce in un periodo nel quale il concetto di area metropolitana era ancora di l\u00e0 da venire: oggi il motto <strong><em>Un Quartiere si fa citt\u00e0 <\/em><\/strong>va rilanciato con un altro respiro \u2013 per intenderlo come una componente di una vasta area dello spazio metropolitano che chiede di essere <em>citt\u00e0 creativa<\/em>, sul modello di altre citt\u00e0 europee che contemplano porzioni di citt\u00e0 a forte dinamicit\u00e0 sociale e progettuale, all\u2019interno di un\u2019idea di citt\u00e0 come infrastruttura complessa atta a produrre reti.<\/p>\n<p>Il tentativo negli anni a venire sar\u00e0 dunque quello di sviluppare, in un\u2019ottica di network europeo, strategie di gestione integrata e buone pratiche per favorire l\u2019equilibrio tra conservazione del patrimonio cittadino ed il loro sviluppo socioeconomico ed aumentare la competitivit\u00e0 delle aree pi\u00f9 vive e vitali della citt\u00e0. In quest\u2019ottica l\u2019arte diventa uno strumento per rigenerare spazi in stato di abbandono, materiale e simbolico, riscoprirne il potenziale, coinvolgere i cittadini nella vita della comunit\u00e0. Un contenitore culturale \u2013 uno spazio fisico e simbolico capace di accogliere e mettere in rete saperi e strumenti della produzione creativa \u2013 meglio di ogni altro dispositivo pu\u00f2 rivelare, per mezzo del fare, il genius loci di una specifica area urbana. \u00c8 d\u2019altra parte necessario riconoscere la natura della citt\u00e0, la sua essenza proteiforme, e sempre in divenire. Il Quartiere dell\u2019Arte \u00e8 pensato, in ultima analisi, come un laboratorio aperto, un\u2019idea che mira a identificarsi, con l\u2019intera estensione del perimetro cittadino e della citt\u00e0 metropolitana in divenire: cio\u00e8 a dire, un\u2019impresa che miri a proporre un\u2019alternativa al canone con cui la citt\u00e0, in genere, comprende se stessa.<\/p>\n<p>&nbsp;<\/p>\n","protected":false},"excerpt":{"rendered":"<p>&nbsp; Il Quartiere dell\u2019Arte nasce con l\u2019intento di creare nel tempo una rete di identit\u00e0 culturali e creative operanti all\u2019interno del quartiere Avvocata della citt\u00e0 di Napoli, per rigenerare e<a class=\"excerpt-read-more\" href=\"https:\/\/www.fondazionemorra.org\/it\/il-quartiere-dellarte\/\" title=\"ReadIl Quartiere dell\u2019Arte\">&#8230; Read more &raquo;<\/a><\/p>\n","protected":false},"author":2,"featured_media":0,"parent":0,"menu_order":0,"comment_status":"closed","ping_status":"closed","template":"","meta":{"_acf_changed":false,"footnotes":""},"class_list":["post-4879","page","type-page","status-publish","hentry"],"acf":[],"yoast_head":"<!-- This site is optimized with the Yoast SEO plugin v27.5 - https:\/\/yoast.com\/product\/yoast-seo-wordpress\/ -->\n<title>Il Quartiere dell\u2019Arte - Fondazione Morra<\/title>\n<meta name=\"robots\" content=\"index, follow, max-snippet:-1, max-image-preview:large, max-video-preview:-1\" \/>\n<link rel=\"canonical\" href=\"https:\/\/www.fondazionemorra.org\/it\/il-quartiere-dellarte\/\" \/>\n<meta property=\"og:locale\" content=\"it_IT\" \/>\n<meta property=\"og:type\" content=\"article\" \/>\n<meta property=\"og:title\" content=\"Il Quartiere dell\u2019Arte - Fondazione Morra\" \/>\n<meta property=\"og:description\" content=\"&nbsp; Il Quartiere dell\u2019Arte nasce con l\u2019intento di creare nel tempo una rete di identit\u00e0 culturali e creative operanti all\u2019interno del quartiere Avvocata della citt\u00e0 di Napoli, per rigenerare e... Read more &raquo;\" \/>\n<meta property=\"og:url\" content=\"https:\/\/www.fondazionemorra.org\/it\/il-quartiere-dellarte\/\" \/>\n<meta property=\"og:site_name\" content=\"Fondazione Morra\" \/>\n<meta property=\"article:modified_time\" content=\"2021-02-18T14:34:07+00:00\" \/>\n<meta name=\"twitter:card\" content=\"summary_large_image\" \/>\n<meta name=\"twitter:label1\" content=\"Tempo di lettura stimato\" \/>\n\t<meta name=\"twitter:data1\" content=\"2 minuti\" \/>\n<script type=\"application\/ld+json\" class=\"yoast-schema-graph\">{\"@context\":\"https:\\\/\\\/schema.org\",\"@graph\":[{\"@type\":\"WebPage\",\"@id\":\"https:\\\/\\\/www.fondazionemorra.org\\\/it\\\/il-quartiere-dellarte\\\/\",\"url\":\"https:\\\/\\\/www.fondazionemorra.org\\\/it\\\/il-quartiere-dellarte\\\/\",\"name\":\"Il Quartiere dell\u2019Arte - Fondazione Morra\",\"isPartOf\":{\"@id\":\"https:\\\/\\\/www.fondazionemorra.org\\\/it\\\/#website\"},\"datePublished\":\"2021-02-18T14:27:30+00:00\",\"dateModified\":\"2021-02-18T14:34:07+00:00\",\"breadcrumb\":{\"@id\":\"https:\\\/\\\/www.fondazionemorra.org\\\/it\\\/il-quartiere-dellarte\\\/#breadcrumb\"},\"inLanguage\":\"it-IT\",\"potentialAction\":[{\"@type\":\"ReadAction\",\"target\":[\"https:\\\/\\\/www.fondazionemorra.org\\\/it\\\/il-quartiere-dellarte\\\/\"]}]},{\"@type\":\"BreadcrumbList\",\"@id\":\"https:\\\/\\\/www.fondazionemorra.org\\\/it\\\/il-quartiere-dellarte\\\/#breadcrumb\",\"itemListElement\":[{\"@type\":\"ListItem\",\"position\":1,\"name\":\"Home\",\"item\":\"https:\\\/\\\/www.fondazionemorra.org\\\/it\\\/\"},{\"@type\":\"ListItem\",\"position\":2,\"name\":\"Il Quartiere dell\u2019Arte\"}]},{\"@type\":\"WebSite\",\"@id\":\"https:\\\/\\\/www.fondazionemorra.org\\\/it\\\/#website\",\"url\":\"https:\\\/\\\/www.fondazionemorra.org\\\/it\\\/\",\"name\":\"Fondazione Morra\",\"description\":\"\",\"publisher\":{\"@id\":\"https:\\\/\\\/www.fondazionemorra.org\\\/it\\\/#organization\"},\"potentialAction\":[{\"@type\":\"SearchAction\",\"target\":{\"@type\":\"EntryPoint\",\"urlTemplate\":\"https:\\\/\\\/www.fondazionemorra.org\\\/it\\\/?s={search_term_string}\"},\"query-input\":{\"@type\":\"PropertyValueSpecification\",\"valueRequired\":true,\"valueName\":\"search_term_string\"}}],\"inLanguage\":\"it-IT\"},{\"@type\":\"Organization\",\"@id\":\"https:\\\/\\\/www.fondazionemorra.org\\\/it\\\/#organization\",\"name\":\"Fondazione Morra\",\"url\":\"https:\\\/\\\/www.fondazionemorra.org\\\/it\\\/\",\"logo\":{\"@type\":\"ImageObject\",\"inLanguage\":\"it-IT\",\"@id\":\"https:\\\/\\\/www.fondazionemorra.org\\\/it\\\/#\\\/schema\\\/logo\\\/image\\\/\",\"url\":\"https:\\\/\\\/www.fondazionemorra.org\\\/wp-content\\\/uploads\\\/2021\\\/02\\\/logo.png\",\"contentUrl\":\"https:\\\/\\\/www.fondazionemorra.org\\\/wp-content\\\/uploads\\\/2021\\\/02\\\/logo.png\",\"width\":106,\"height\":114,\"caption\":\"Fondazione Morra\"},\"image\":{\"@id\":\"https:\\\/\\\/www.fondazionemorra.org\\\/it\\\/#\\\/schema\\\/logo\\\/image\\\/\"}}]}<\/script>\n<!-- \/ Yoast SEO plugin. -->","yoast_head_json":{"title":"Il Quartiere dell\u2019Arte - Fondazione Morra","robots":{"index":"index","follow":"follow","max-snippet":"max-snippet:-1","max-image-preview":"max-image-preview:large","max-video-preview":"max-video-preview:-1"},"canonical":"https:\/\/www.fondazionemorra.org\/it\/il-quartiere-dellarte\/","og_locale":"it_IT","og_type":"article","og_title":"Il Quartiere dell\u2019Arte - Fondazione Morra","og_description":"&nbsp; Il Quartiere dell\u2019Arte nasce con l\u2019intento di creare nel tempo una rete di identit\u00e0 culturali e creative operanti all\u2019interno del quartiere Avvocata della citt\u00e0 di Napoli, per rigenerare e... Read more &raquo;","og_url":"https:\/\/www.fondazionemorra.org\/it\/il-quartiere-dellarte\/","og_site_name":"Fondazione Morra","article_modified_time":"2021-02-18T14:34:07+00:00","twitter_card":"summary_large_image","twitter_misc":{"Tempo di lettura stimato":"2 minuti"},"schema":{"@context":"https:\/\/schema.org","@graph":[{"@type":"WebPage","@id":"https:\/\/www.fondazionemorra.org\/it\/il-quartiere-dellarte\/","url":"https:\/\/www.fondazionemorra.org\/it\/il-quartiere-dellarte\/","name":"Il Quartiere dell\u2019Arte - Fondazione Morra","isPartOf":{"@id":"https:\/\/www.fondazionemorra.org\/it\/#website"},"datePublished":"2021-02-18T14:27:30+00:00","dateModified":"2021-02-18T14:34:07+00:00","breadcrumb":{"@id":"https:\/\/www.fondazionemorra.org\/it\/il-quartiere-dellarte\/#breadcrumb"},"inLanguage":"it-IT","potentialAction":[{"@type":"ReadAction","target":["https:\/\/www.fondazionemorra.org\/it\/il-quartiere-dellarte\/"]}]},{"@type":"BreadcrumbList","@id":"https:\/\/www.fondazionemorra.org\/it\/il-quartiere-dellarte\/#breadcrumb","itemListElement":[{"@type":"ListItem","position":1,"name":"Home","item":"https:\/\/www.fondazionemorra.org\/it\/"},{"@type":"ListItem","position":2,"name":"Il Quartiere dell\u2019Arte"}]},{"@type":"WebSite","@id":"https:\/\/www.fondazionemorra.org\/it\/#website","url":"https:\/\/www.fondazionemorra.org\/it\/","name":"Fondazione Morra","description":"","publisher":{"@id":"https:\/\/www.fondazionemorra.org\/it\/#organization"},"potentialAction":[{"@type":"SearchAction","target":{"@type":"EntryPoint","urlTemplate":"https:\/\/www.fondazionemorra.org\/it\/?s={search_term_string}"},"query-input":{"@type":"PropertyValueSpecification","valueRequired":true,"valueName":"search_term_string"}}],"inLanguage":"it-IT"},{"@type":"Organization","@id":"https:\/\/www.fondazionemorra.org\/it\/#organization","name":"Fondazione Morra","url":"https:\/\/www.fondazionemorra.org\/it\/","logo":{"@type":"ImageObject","inLanguage":"it-IT","@id":"https:\/\/www.fondazionemorra.org\/it\/#\/schema\/logo\/image\/","url":"https:\/\/www.fondazionemorra.org\/wp-content\/uploads\/2021\/02\/logo.png","contentUrl":"https:\/\/www.fondazionemorra.org\/wp-content\/uploads\/2021\/02\/logo.png","width":106,"height":114,"caption":"Fondazione Morra"},"image":{"@id":"https:\/\/www.fondazionemorra.org\/it\/#\/schema\/logo\/image\/"}}]}},"_links":{"self":[{"href":"https:\/\/www.fondazionemorra.org\/it\/wp-json\/wp\/v2\/pages\/4879","targetHints":{"allow":["GET"]}}],"collection":[{"href":"https:\/\/www.fondazionemorra.org\/it\/wp-json\/wp\/v2\/pages"}],"about":[{"href":"https:\/\/www.fondazionemorra.org\/it\/wp-json\/wp\/v2\/types\/page"}],"author":[{"embeddable":true,"href":"https:\/\/www.fondazionemorra.org\/it\/wp-json\/wp\/v2\/users\/2"}],"replies":[{"embeddable":true,"href":"https:\/\/www.fondazionemorra.org\/it\/wp-json\/wp\/v2\/comments?post=4879"}],"version-history":[{"count":4,"href":"https:\/\/www.fondazionemorra.org\/it\/wp-json\/wp\/v2\/pages\/4879\/revisions"}],"predecessor-version":[{"id":4887,"href":"https:\/\/www.fondazionemorra.org\/it\/wp-json\/wp\/v2\/pages\/4879\/revisions\/4887"}],"wp:attachment":[{"href":"https:\/\/www.fondazionemorra.org\/it\/wp-json\/wp\/v2\/media?parent=4879"}],"curies":[{"name":"wp","href":"https:\/\/api.w.org\/{rel}","templated":true}]}}